{"id":2466,"date":"2024-10-07T14:56:37","date_gmt":"2024-10-07T14:56:37","guid":{"rendered":"https:\/\/hotel-la-perelle.fr\/?page_id=2466"},"modified":"2024-10-07T14:57:03","modified_gmt":"2024-10-07T14:57:03","slug":"seminaire","status":"publish","type":"page","link":"https:\/\/hotel-la-perelle.fr\/en\/seminaire\/","title":{"rendered":"S\u00e9minaire"},"content":{"rendered":"<div data-elementor-type=\"wp-page\" data-elementor-id=\"2466\" class=\"elementor elementor-2466\" data-elementor-post-type=\"page\">\n\t\t\t\t<section class=\"elementor-element elementor-element-610a3ef e-flex e-con-boxed e-con e-parent\" data-id=\"610a3ef\" data-element_type=\"container\" data-settings=\"{&quot;background_background&quot;:&quot;classic&quot;,&quot;background_motion_fx_motion_fx_scrolling&quot;:&quot;yes&quot;,&quot;background_motion_fx_translateY_effect&quot;:&quot;yes&quot;,&quot;background_motion_fx_translateY_speed&quot;:{&quot;unit&quot;:&quot;px&quot;,&quot;size&quot;:2,&quot;sizes&quot;:[]},&quot;background_motion_fx_translateY_affectedRange&quot;:{&quot;unit&quot;:&quot;%&quot;,&quot;size&quot;:&quot;&quot;,&quot;sizes&quot;:{&quot;start&quot;:0,&quot;end&quot;:100}},&quot;background_motion_fx_devices&quot;:[&quot;widescreen&quot;,&quot;desktop&quot;,&quot;tablet&quot;,&quot;mobile&quot;]}\">\n\t\t\t\t\t<div class=\"e-con-inner\">\n\t\t\t\t<div class=\"elementor-element elementor-element-1752a530 elementor-widget__width-initial elementor-absolute e-transform elementor-widget elementor-widget-image\" data-id=\"1752a530\" data-element_type=\"widget\" data-settings=\"{&quot;_position&quot;:&quot;absolute&quot;,&quot;_transform_translateX_effect&quot;:{&quot;unit&quot;:&quot;%&quot;,&quot;size&quot;:-50,&quot;sizes&quot;:[]},&quot;_transform_translateX_effect_tablet&quot;:{&quot;unit&quot;:&quot;%&quot;,&quot;size&quot;:&quot;&quot;,&quot;sizes&quot;:[]},&quot;_transform_translateX_effect_mobile&quot;:{&quot;unit&quot;:&quot;%&quot;,&quot;size&quot;:&quot;&quot;,&quot;sizes&quot;:[]},&quot;_transform_translateY_effect&quot;:{&quot;unit&quot;:&quot;px&quot;,&quot;size&quot;:2,&quot;sizes&quot;:[]},&quot;_transform_translateX_effect_widescreen&quot;:{&quot;unit&quot;:&quot;px&quot;,&quot;size&quot;:&quot;&quot;,&quot;sizes&quot;:[]},&quot;_transform_translateY_effect_widescreen&quot;:{&quot;unit&quot;:&quot;px&quot;,&quot;size&quot;:&quot;&quot;,&quot;sizes&quot;:[]},&quot;_transform_translateY_effect_tablet&quot;:{&quot;unit&quot;:&quot;px&quot;,&quot;size&quot;:&quot;&quot;,&quot;sizes&quot;:[]},&quot;_transform_translateY_effect_mobile&quot;:{&quot;unit&quot;:&quot;px&quot;,&quot;size&quot;:&quot;&quot;,&quot;sizes&quot;:[]}}\" data-widget_type=\"image.default\">\n\t\t\t\t<div class=\"elementor-widget-container\">\n\t\t\t\t\t\t\t\t\t\t\t\t\t\t\t<img fetchpriority=\"high\" decoding=\"async\" width=\"800\" height=\"635\" src=\"https:\/\/hotel-la-perelle.fr\/wp-content\/uploads\/2024\/10\/logo-white.svg\" class=\"attachment-large size-large wp-image-2358\" alt=\"\" \/>\t\t\t\t\t\t\t\t\t\t\t\t\t\t\t<\/div>\n\t\t\t\t<\/div>\n\t\t\t\t<div class=\"elementor-element elementor-element-49736c53 elementor-widget__width-initial elementor-widget elementor-widget-heading\" data-id=\"49736c53\" data-element_type=\"widget\" data-widget_type=\"heading.default\">\n\t\t\t\t<div class=\"elementor-widget-container\">\n\t\t\t\t\t<h1 class=\"elementor-heading-title elementor-size-default\">H\u00f4tel La Perelle :\nS\u00e9minaires en Savoie<\/h1>\t\t\t\t<\/div>\n\t\t\t\t<\/div>\n\t\t\t\t\t<\/div>\n\t\t\t\t<\/section>\n\t\t<div class=\"elementor-element elementor-element-3a535cde e-flex e-con-boxed e-con e-parent\" data-id=\"3a535cde\" data-element_type=\"container\">\n\t\t\t\t\t<div class=\"e-con-inner\">\n\t\t\t\t<div class=\"elementor-element elementor-element-1333442c elementor-widget__width-initial elementor-widget elementor-widget-heading\" data-id=\"1333442c\" data-element_type=\"widget\" data-aos=\"fade-up\" data-aos-duration=\"600\" data-widget_type=\"heading.default\">\n\t\t\t\t<div class=\"elementor-widget-container\">\n\t\t\t\t\t<h2 class=\"elementor-heading-title elementor-size-default\">Ski, v\u00e9lo, soir\u00e9es : \nOrganisez votre s\u00e9minaire d\u2019entreprise \u00e0 la montagne<\/h2>\t\t\t\t<\/div>\n\t\t\t\t<\/div>\n\t\t\t\t<div class=\"elementor-element elementor-element-1f34dc0 elementor-widget__width-initial elementor-widget elementor-widget-text-editor\" data-id=\"1f34dc0\" data-element_type=\"widget\" data-aos=\"fade-up\" data-aos-duration=\"600\" data-aos-delay=\"200\" data-widget_type=\"text-editor.default\">\n\t\t\t\t<div class=\"elementor-widget-container\">\n\t\t\t\t\t\t\t\t\t<p>Nich\u00e9 dans le cadre d\u00e9paysant de St Fran\u00e7ois Longchamp, l&rsquo;H\u00f4tel La Perelle vous ouvre les portes de la Savoie pour une exp\u00e9rience vivifiante. Offrez \u00e0 vos collaborateurs un moment de d\u00e9tente o\u00f9 ils peuvent se retrouver et profiter des nombreuses activit\u00e9s que nous proposons.<\/p>\t\t\t\t\t\t\t\t<\/div>\n\t\t\t\t<\/div>\n\t\t\t\t\t<\/div>\n\t\t\t\t<\/div>\n\t\t<section class=\"elementor-element elementor-element-4d396c4a e-flex e-con-boxed e-con e-parent\" data-id=\"4d396c4a\" data-element_type=\"container\">\n\t\t\t\t\t<div class=\"e-con-inner\">\n\t\t<div class=\"elementor-element elementor-element-255c950c e-con-full e-flex e-con e-child\" data-id=\"255c950c\" data-element_type=\"container\" data-settings=\"{&quot;position&quot;:&quot;absolute&quot;}\">\n\t\t\t\t<div class=\"elementor-element elementor-element-68b72089 elementor-widget__width-inherit elementor-widget elementor-widget-image\" data-id=\"68b72089\" data-element_type=\"widget\" data-aos=\"fade-up\" data-aos-duration=\"600\" data-widget_type=\"image.default\">\n\t\t\t\t<div class=\"elementor-widget-container\">\n\t\t\t\t\t\t\t\t\t\t\t\t\t\t\t<img decoding=\"async\" width=\"1152\" height=\"1536\" src=\"https:\/\/hotel-la-perelle.fr\/wp-content\/uploads\/2024\/10\/4e966c61688b60724bbd6c9de28d78b0-1152x1536.jpg\" class=\"attachment-1536x1536 size-1536x1536 wp-image-2468\" alt=\"\" srcset=\"https:\/\/hotel-la-perelle.fr\/wp-content\/uploads\/2024\/10\/4e966c61688b60724bbd6c9de28d78b0-1152x1536.jpg 1152w, https:\/\/hotel-la-perelle.fr\/wp-content\/uploads\/2024\/10\/4e966c61688b60724bbd6c9de28d78b0-225x300.jpg 225w, https:\/\/hotel-la-perelle.fr\/wp-content\/uploads\/2024\/10\/4e966c61688b60724bbd6c9de28d78b0-768x1024.jpg 768w, https:\/\/hotel-la-perelle.fr\/wp-content\/uploads\/2024\/10\/4e966c61688b60724bbd6c9de28d78b0-9x12.jpg 9w, https:\/\/hotel-la-perelle.fr\/wp-content\/uploads\/2024\/10\/4e966c61688b60724bbd6c9de28d78b0.jpg 1536w\" sizes=\"(max-width: 1152px) 100vw, 1152px\" \/>\t\t\t\t\t\t\t\t\t\t\t\t\t\t\t<\/div>\n\t\t\t\t<\/div>\n\t\t\t\t<div class=\"elementor-element elementor-element-510a73bb elementor-widget__width-initial elementor-absolute elementor-widget elementor-widget-image\" data-id=\"510a73bb\" data-element_type=\"widget\" data-settings=\"{&quot;_position&quot;:&quot;absolute&quot;}\" data-widget_type=\"image.default\">\n\t\t\t\t<div class=\"elementor-widget-container\">\n\t\t\t\t\t\t\t\t\t\t\t\t\t\t\t<img decoding=\"async\" width=\"540\" height=\"133\" src=\"https:\/\/hotel-la-perelle.fr\/wp-content\/uploads\/2024\/10\/Vector-2.svg\" class=\"attachment-1536x1536 size-1536x1536 wp-image-2388\" alt=\"\" \/>\t\t\t\t\t\t\t\t\t\t\t\t\t\t\t<\/div>\n\t\t\t\t<\/div>\n\t\t\t\t<\/div>\n\t\t<div class=\"elementor-element elementor-element-23754bd0 e-con-full e-flex e-con e-child\" data-id=\"23754bd0\" data-element_type=\"container\">\n\t\t<div class=\"elementor-element elementor-element-71558340 e-con-full e-flex e-con e-child\" data-id=\"71558340\" data-element_type=\"container\" data-aos=\"fade-left\" data-aos-duration=\"600\" data-aos-delay=\"200\">\n\t\t\t\t<div class=\"elementor-element elementor-element-42c4b31b elementor-widget elementor-widget-heading\" data-id=\"42c4b31b\" data-element_type=\"widget\" data-widget_type=\"heading.default\">\n\t\t\t\t<div class=\"elementor-widget-container\">\n\t\t\t\t\t<h3 class=\"elementor-heading-title elementor-size-default\">Pourquoi choisir l'H\u00f4tel<br>\nLa Perelle pour vos <div>s\u00e9minaires ?<\/div><\/h3>\t\t\t\t<\/div>\n\t\t\t\t<\/div>\n\t\t\t\t<div class=\"elementor-element elementor-element-6bfb5c80 elementor-widget elementor-widget-text-editor\" data-id=\"6bfb5c80\" data-element_type=\"widget\" data-widget_type=\"text-editor.default\">\n\t\t\t\t<div class=\"elementor-widget-container\">\n\t\t\t\t\t\t\t\t\t<ul><li><strong>Cadre exceptionnel et ressour\u00e7ant<\/strong> au pied des pistes de Saint Fran\u00e7ois Longchamp.<\/li><li><strong>Ambiance conviviale<\/strong> et chaleureuse propice \u00e0 l\u2019\u00e9change et \u00e0 la d\u00e9tente.<\/li><li><strong>Acc\u00e8s facile<\/strong> depuis les principaux a\u00e9roports et gares de la r\u00e9gion.<\/li><li><strong>Services personnalis\u00e9s<\/strong> pour r\u00e9pondre \u00e0 tous vos besoins professionnels.<\/li><\/ul>\t\t\t\t\t\t\t\t<\/div>\n\t\t\t\t<\/div>\n\t\t\t\t<\/div>\n\t\t<div class=\"elementor-element elementor-element-69e4156f e-con-full e-flex e-con e-child\" data-id=\"69e4156f\" data-element_type=\"container\" data-aos=\"fade-left\" data-aos-duration=\"600\" data-aos-delay=\"400\">\n\t\t\t\t<div class=\"elementor-element elementor-element-116ee8b9 elementor-widget elementor-widget-heading\" data-id=\"116ee8b9\" data-element_type=\"widget\" data-widget_type=\"heading.default\">\n\t\t\t\t<div class=\"elementor-widget-container\">\n\t\t\t\t\t<h3 class=\"elementor-heading-title elementor-size-default\">Activit\u00e9s pour s\u00e9minaires<\/h3>\t\t\t\t<\/div>\n\t\t\t\t<\/div>\n\t\t\t\t<div class=\"elementor-element elementor-element-1100f39a elementor-widget elementor-widget-text-editor\" data-id=\"1100f39a\" data-element_type=\"widget\" data-widget_type=\"text-editor.default\">\n\t\t\t\t<div class=\"elementor-widget-container\">\n\t\t\t\t\t\t\t\t\t<ul><li><strong>Pension compl\u00e8te<\/strong> : Des repas savoureux matin, midi et soir pr\u00e9par\u00e9s avec des produits locaux.<\/li><li><strong>Activit\u00e9s de team building<\/strong> : Ski, luge, randonn\u00e9es, sorties v\u00e9lo pour tous les niveaux.<\/li><li><strong>Bien-\u00eatre<\/strong> : Acc\u00e8s \u00e0 la piscine chauf\u00e9e, sauna, et hammam pour se d\u00e9tendre apr\u00e8s les sessions de travail.<\/li><li><strong>Services suppl\u00e9mentaires<\/strong>\u00a0: Organisation de soir\u00e9es \u00e0 th\u00e8me, d\u00e9gustations de vins, et animations locales.<\/li><\/ul>\t\t\t\t\t\t\t\t<\/div>\n\t\t\t\t<\/div>\n\t\t\t\t<\/div>\n\t\t<div class=\"elementor-element elementor-element-1f10def5 e-con-full e-flex e-con e-child\" data-id=\"1f10def5\" data-element_type=\"container\" data-aos=\"fade-left\" data-aos-duration=\"600\" data-aos-delay=\"600\">\n\t\t\t\t<div class=\"elementor-element elementor-element-7131ae5c elementor-widget elementor-widget-heading\" data-id=\"7131ae5c\" data-element_type=\"widget\" data-widget_type=\"heading.default\">\n\t\t\t\t<div class=\"elementor-widget-container\">\n\t\t\t\t\t<h3 class=\"elementor-heading-title elementor-size-default\">Salles et \u00e9quipements<\/h3>\t\t\t\t<\/div>\n\t\t\t\t<\/div>\n\t\t\t\t<div class=\"elementor-element elementor-element-5767e424 elementor-widget elementor-widget-text-editor\" data-id=\"5767e424\" data-element_type=\"widget\" data-widget_type=\"text-editor.default\">\n\t\t\t\t<div class=\"elementor-widget-container\">\n\t\t\t\t\t\t\t\t\t<ul><li><strong>Salle de r\u00e9union<\/strong> avec une capacit\u00e9 de 20 personnes en tabl\u00e9e et 50 personnes en configuration conf\u00e9rence.<\/li><li><strong>30 chambres<\/strong> disponibles en individuel, possibilit\u00e9 de privatiser l&rsquo;h\u00f4tel complet pour des groupes de 30 personnes.<\/li><li><strong>\u00c9quipements modernes<\/strong> : projecteurs, \u00e9crans, sonorisation, Wi-Fi haut d\u00e9bit.<\/li><li>Flexibilit\u00e9 pour mettre <strong>aux couleurs de votre entreprise<\/strong>, personnalisant l&rsquo;espace selon vos besoins.<\/li><\/ul>\t\t\t\t\t\t\t\t<\/div>\n\t\t\t\t<\/div>\n\t\t\t\t<\/div>\n\t\t\t\t<\/div>\n\t\t\t\t\t<\/div>\n\t\t\t\t<\/section>\n\t\t<section class=\"elementor-element elementor-element-1bd13f52 e-con-full e-flex e-con e-parent\" data-id=\"1bd13f52\" data-element_type=\"container\">\n\t\t\t\t<div class=\"elementor-element elementor-element-51521fa7 elementor-widget__width-initial e-transform elementor-widget elementor-widget-image\" data-id=\"51521fa7\" data-element_type=\"widget\" data-settings=\"{&quot;_transform_translateX_effect&quot;:{&quot;unit&quot;:&quot;%&quot;,&quot;size&quot;:0,&quot;sizes&quot;:[]},&quot;_transform_translateX_effect_tablet&quot;:{&quot;unit&quot;:&quot;%&quot;,&quot;size&quot;:&quot;&quot;,&quot;sizes&quot;:[]},&quot;_transform_translateX_effect_mobile&quot;:{&quot;unit&quot;:&quot;%&quot;,&quot;size&quot;:&quot;&quot;,&quot;sizes&quot;:[]},&quot;_transform_translateY_effect&quot;:{&quot;unit&quot;:&quot;px&quot;,&quot;size&quot;:70,&quot;sizes&quot;:[]},&quot;_transform_translateY_effect_tablet&quot;:{&quot;unit&quot;:&quot;%&quot;,&quot;size&quot;:&quot;&quot;,&quot;sizes&quot;:[]},&quot;_transform_translateY_effect_mobile&quot;:{&quot;unit&quot;:&quot;%&quot;,&quot;size&quot;:10,&quot;sizes&quot;:[]},&quot;_transform_translateX_effect_widescreen&quot;:{&quot;unit&quot;:&quot;px&quot;,&quot;size&quot;:&quot;&quot;,&quot;sizes&quot;:[]},&quot;_transform_translateY_effect_widescreen&quot;:{&quot;unit&quot;:&quot;px&quot;,&quot;size&quot;:&quot;&quot;,&quot;sizes&quot;:[]}}\" data-aos=\"zoom-in\" data-aos-duration=\"600\" data-widget_type=\"image.default\">\n\t\t\t\t<div class=\"elementor-widget-container\">\n\t\t\t\t\t\t\t\t\t\t\t\t\t\t\t<img loading=\"lazy\" decoding=\"async\" width=\"879\" height=\"224\" src=\"https:\/\/hotel-la-perelle.fr\/wp-content\/uploads\/2024\/10\/Union.svg\" class=\"attachment-full size-full wp-image-2360\" alt=\"\" \/>\t\t\t\t\t\t\t\t\t\t\t\t\t\t\t<\/div>\n\t\t\t\t<\/div>\n\t\t<div class=\"elementor-element elementor-element-4b53b6b6 e-con-full e-flex e-con e-child\" data-id=\"4b53b6b6\" data-element_type=\"container\" data-settings=\"{&quot;background_background&quot;:&quot;classic&quot;}\">\n\t\t<div class=\"elementor-element elementor-element-105e960e e-con-full e-flex e-con e-child\" data-id=\"105e960e\" data-element_type=\"container\">\n\t\t\t\t<div class=\"elementor-element elementor-element-1946dbf7 elementor-widget elementor-widget-heading\" data-id=\"1946dbf7\" data-element_type=\"widget\" data-aos=\"fade-right\" data-aos-duration=\"600\" data-widget_type=\"heading.default\">\n\t\t\t\t<div class=\"elementor-widget-container\">\n\t\t\t\t\t<h2 class=\"elementor-heading-title elementor-size-default\">Rejoignez-nous pour des vacances inoubliables<\/h2>\t\t\t\t<\/div>\n\t\t\t\t<\/div>\n\t\t\t\t<\/div>\n\t\t<div class=\"elementor-element elementor-element-432060e4 e-con-full e-flex e-con e-child\" data-id=\"432060e4\" data-element_type=\"container\">\n\t\t\t\t<div class=\"elementor-element elementor-element-72136cd3 elementor-widget elementor-widget-text-editor\" data-id=\"72136cd3\" data-element_type=\"widget\" data-aos=\"fade-left\" data-aos-duration=\"600\" data-aos-delay=\"200\" data-widget_type=\"text-editor.default\">\n\t\t\t\t<div class=\"elementor-widget-container\">\n\t\t\t\t\t\t\t\t\t<p>R\u00e9servez d\u00e8s maintenant pour profiter de votre s\u00e9jour \u00e0 l&rsquo;H\u00f4tel La Perelle et garantir les meilleures chambres avec vue.<\/p>\t\t\t\t\t\t\t\t<\/div>\n\t\t\t\t<\/div>\n\t\t\t\t<div class=\"elementor-element elementor-element-67055ca2 elementor-align-left elementor-widget elementor-widget-button\" data-id=\"67055ca2\" data-element_type=\"widget\" data-aos=\"fade-left\" data-aos-duration=\"600\" data-aos-delay=\"200\" data-widget_type=\"button.default\">\n\t\t\t\t<div class=\"elementor-widget-container\">\n\t\t\t\t\t\t\t\t\t<div class=\"elementor-button-wrapper\">\n\t\t\t\t\t<a class=\"elementor-button elementor-button-link elementor-size-sm\" href=\"https:\/\/hotel-la-perelle.fr\/en\/activites\/\">\n\t\t\t\t\t\t<span class=\"elementor-button-content-wrapper\">\n\t\t\t\t\t\t<span class=\"elementor-button-icon\">\n\t\t\t\t<svg xmlns=\"http:\/\/www.w3.org\/2000\/svg\" width=\"15\" height=\"16\" viewbox=\"0 0 15 16\" fill=\"none\"><path d=\"M13.727 8.97212C14.1175 8.5816 14.1175 7.94843 13.727 7.55791L7.36306 1.19395C6.97254 0.803423 6.33937 0.803423 5.94885 1.19395C5.55832 1.58447 5.55832 2.21764 5.94885 2.60816L11.6057 8.26502L5.94885 13.9219C5.55832 14.3124 5.55832 14.9456 5.94885 15.3361C6.33937 15.7266 6.97253 15.7266 7.36306 15.3361L13.727 8.97212ZM0.549194 9.26501L13.0199 9.26502L13.0199 7.26502L0.549194 7.26501L0.549194 9.26501Z\" fill=\"white\"><\/path><\/svg>\t\t\t<\/span>\n\t\t\t\t\t\t\t\t\t<span class=\"elementor-button-text\">R\u00e9server maintenant<\/span>\n\t\t\t\t\t<\/span>\n\t\t\t\t\t<\/a>\n\t\t\t\t<\/div>\n\t\t\t\t\t\t\t\t<\/div>\n\t\t\t\t<\/div>\n\t\t\t\t<\/div>\n\t\t\t\t<\/div>\n\t\t\t\t<\/section>\n\t\t\t\t<\/div>","protected":false},"excerpt":{"rendered":"<p>H\u00f4tel La Perelle : S\u00e9minaires en Savoie Ski, v\u00e9lo, soir\u00e9es : Organisez votre s\u00e9minaire d\u2019entreprise \u00e0 la montagne Nich\u00e9 dans le cadre d\u00e9paysant de St Fran\u00e7ois Longchamp, l&rsquo;H\u00f4tel La Perelle vous ouvre les portes de la Savoie pour une exp\u00e9rience vivifiante. Offrez \u00e0 vos collaborateurs un moment de d\u00e9tente o\u00f9 ils peuvent se retrouver et [&hellip;]<\/p>","protected":false},"author":1,"featured_media":0,"parent":0,"menu_order":0,"comment_status":"closed","ping_status":"closed","template":"","meta":{"_acf_changed":false,"inline_featured_image":false,"footnotes":""},"class_list":["post-2466","page","type-page","status-publish","hentry"],"acf":[],"yoast_head":"<!-- This site is optimized with the Yoast SEO plugin v23.5 - https:\/\/yoast.com\/wordpress\/plugins\/seo\/ -->\n<title>S\u00e9minaire - h\u00f4tel la Perelle<\/title>\n<meta name=\"robots\" content=\"noindex, follow, max-snippet:-1, max-image-preview:large, max-video-preview:-1\" \/>\n<meta property=\"og:locale\" content=\"en_GB\" \/>\n<meta property=\"og:type\" content=\"article\" \/>\n<meta property=\"og:title\" content=\"S\u00e9minaire - h\u00f4tel la Perelle\" \/>\n<meta property=\"og:description\" content=\"H\u00f4tel La Perelle : S\u00e9minaires en Savoie Ski, v\u00e9lo, soir\u00e9es : Organisez votre s\u00e9minaire d\u2019entreprise \u00e0 la montagne Nich\u00e9 dans le cadre d\u00e9paysant de St Fran\u00e7ois Longchamp, l&rsquo;H\u00f4tel La Perelle vous ouvre les portes de la Savoie pour une exp\u00e9rience vivifiante. Offrez \u00e0 vos collaborateurs un moment de d\u00e9tente o\u00f9 ils peuvent se retrouver et [&hellip;]\" \/>\n<meta property=\"og:url\" content=\"https:\/\/hotel-la-perelle.fr\/en\/seminaire\/\" \/>\n<meta property=\"og:site_name\" content=\"h\u00f4tel la Perelle\" \/>\n<meta property=\"article:modified_time\" content=\"2024-10-07T14:57:03+00:00\" \/>\n<meta property=\"og:image\" content=\"https:\/\/hotel-la-perelle.fr\/wp-content\/uploads\/2024\/10\/logo-white.svg\" \/>\n<meta name=\"twitter:card\" content=\"summary_large_image\" \/>\n<meta name=\"twitter:label1\" content=\"Estimated reading time\" \/>\n\t<meta name=\"twitter:data1\" content=\"1 minute\" \/>\n<script type=\"application\/ld+json\" class=\"yoast-schema-graph\">{\"@context\":\"https:\/\/schema.org\",\"@graph\":[{\"@type\":\"WebPage\",\"@id\":\"https:\/\/hotel-la-perelle.fr\/seminaire\/\",\"url\":\"https:\/\/hotel-la-perelle.fr\/seminaire\/\",\"name\":\"S\u00e9minaire - h\u00f4tel la Perelle\",\"isPartOf\":{\"@id\":\"https:\/\/hotel-la-perelle.fr\/#website\"},\"primaryImageOfPage\":{\"@id\":\"https:\/\/hotel-la-perelle.fr\/seminaire\/#primaryimage\"},\"image\":{\"@id\":\"https:\/\/hotel-la-perelle.fr\/seminaire\/#primaryimage\"},\"thumbnailUrl\":\"https:\/\/hotel-la-perelle.fr\/wp-content\/uploads\/2024\/10\/logo-white.svg\",\"datePublished\":\"2024-10-07T14:56:37+00:00\",\"dateModified\":\"2024-10-07T14:57:03+00:00\",\"breadcrumb\":{\"@id\":\"https:\/\/hotel-la-perelle.fr\/seminaire\/#breadcrumb\"},\"inLanguage\":\"en-GB\",\"potentialAction\":[{\"@type\":\"ReadAction\",\"target\":[\"https:\/\/hotel-la-perelle.fr\/seminaire\/\"]}]},{\"@type\":\"ImageObject\",\"inLanguage\":\"en-GB\",\"@id\":\"https:\/\/hotel-la-perelle.fr\/seminaire\/#primaryimage\",\"url\":\"https:\/\/hotel-la-perelle.fr\/wp-content\/uploads\/2024\/10\/logo-white.svg\",\"contentUrl\":\"https:\/\/hotel-la-perelle.fr\/wp-content\/uploads\/2024\/10\/logo-white.svg\"},{\"@type\":\"BreadcrumbList\",\"@id\":\"https:\/\/hotel-la-perelle.fr\/seminaire\/#breadcrumb\",\"itemListElement\":[{\"@type\":\"ListItem\",\"position\":1,\"name\":\"Accueil\",\"item\":\"https:\/\/hotel-la-perelle.fr\/\"},{\"@type\":\"ListItem\",\"position\":2,\"name\":\"S\u00e9minaire\"}]},{\"@type\":\"WebSite\",\"@id\":\"https:\/\/hotel-la-perelle.fr\/#website\",\"url\":\"https:\/\/hotel-la-perelle.fr\/\",\"name\":\"h\u00f4tel la Perelle\",\"description\":\"\",\"publisher\":{\"@id\":\"https:\/\/hotel-la-perelle.fr\/#organization\"},\"potentialAction\":[{\"@type\":\"SearchAction\",\"target\":{\"@type\":\"EntryPoint\",\"urlTemplate\":\"https:\/\/hotel-la-perelle.fr\/?s={search_term_string}\"},\"query-input\":{\"@type\":\"PropertyValueSpecification\",\"valueRequired\":true,\"valueName\":\"search_term_string\"}}],\"inLanguage\":\"en-GB\"},{\"@type\":\"Organization\",\"@id\":\"https:\/\/hotel-la-perelle.fr\/#organization\",\"name\":\"h\u00f4tel la Perelle\",\"url\":\"https:\/\/hotel-la-perelle.fr\/\",\"logo\":{\"@type\":\"ImageObject\",\"inLanguage\":\"en-GB\",\"@id\":\"https:\/\/hotel-la-perelle.fr\/#\/schema\/logo\/image\/\",\"url\":\"https:\/\/hotel-la-perelle.fr\/wp-content\/uploads\/2024\/10\/logo-la-perelle.png\",\"contentUrl\":\"https:\/\/hotel-la-perelle.fr\/wp-content\/uploads\/2024\/10\/logo-la-perelle.png\",\"width\":594,\"height\":130,\"caption\":\"h\u00f4tel la Perelle\"},\"image\":{\"@id\":\"https:\/\/hotel-la-perelle.fr\/#\/schema\/logo\/image\/\"}}]}<\/script>\n<!-- \/ Yoast SEO plugin. -->","yoast_head_json":{"title":"S\u00e9minaire - h\u00f4tel la Perelle","robots":{"index":"noindex","follow":"follow","max-snippet":"max-snippet:-1","max-image-preview":"max-image-preview:large","max-video-preview":"max-video-preview:-1"},"og_locale":"en_GB","og_type":"article","og_title":"S\u00e9minaire - h\u00f4tel la Perelle","og_description":"H\u00f4tel La Perelle : S\u00e9minaires en Savoie Ski, v\u00e9lo, soir\u00e9es : Organisez votre s\u00e9minaire d\u2019entreprise \u00e0 la montagne Nich\u00e9 dans le cadre d\u00e9paysant de St Fran\u00e7ois Longchamp, l&rsquo;H\u00f4tel La Perelle vous ouvre les portes de la Savoie pour une exp\u00e9rience vivifiante. Offrez \u00e0 vos collaborateurs un moment de d\u00e9tente o\u00f9 ils peuvent se retrouver et [&hellip;]","og_url":"https:\/\/hotel-la-perelle.fr\/en\/seminaire\/","og_site_name":"h\u00f4tel la Perelle","article_modified_time":"2024-10-07T14:57:03+00:00","og_image":[{"url":"https:\/\/hotel-la-perelle.fr\/wp-content\/uploads\/2024\/10\/logo-white.svg"}],"twitter_card":"summary_large_image","twitter_misc":{"Estimated reading time":"1 minute"},"schema":{"@context":"https:\/\/schema.org","@graph":[{"@type":"WebPage","@id":"https:\/\/hotel-la-perelle.fr\/seminaire\/","url":"https:\/\/hotel-la-perelle.fr\/seminaire\/","name":"S\u00e9minaire - h\u00f4tel la Perelle","isPartOf":{"@id":"https:\/\/hotel-la-perelle.fr\/#website"},"primaryImageOfPage":{"@id":"https:\/\/hotel-la-perelle.fr\/seminaire\/#primaryimage"},"image":{"@id":"https:\/\/hotel-la-perelle.fr\/seminaire\/#primaryimage"},"thumbnailUrl":"https:\/\/hotel-la-perelle.fr\/wp-content\/uploads\/2024\/10\/logo-white.svg","datePublished":"2024-10-07T14:56:37+00:00","dateModified":"2024-10-07T14:57:03+00:00","breadcrumb":{"@id":"https:\/\/hotel-la-perelle.fr\/seminaire\/#breadcrumb"},"inLanguage":"en-GB","potentialAction":[{"@type":"ReadAction","target":["https:\/\/hotel-la-perelle.fr\/seminaire\/"]}]},{"@type":"ImageObject","inLanguage":"en-GB","@id":"https:\/\/hotel-la-perelle.fr\/seminaire\/#primaryimage","url":"https:\/\/hotel-la-perelle.fr\/wp-content\/uploads\/2024\/10\/logo-white.svg","contentUrl":"https:\/\/hotel-la-perelle.fr\/wp-content\/uploads\/2024\/10\/logo-white.svg"},{"@type":"BreadcrumbList","@id":"https:\/\/hotel-la-perelle.fr\/seminaire\/#breadcrumb","itemListElement":[{"@type":"ListItem","position":1,"name":"Accueil","item":"https:\/\/hotel-la-perelle.fr\/"},{"@type":"ListItem","position":2,"name":"S\u00e9minaire"}]},{"@type":"WebSite","@id":"https:\/\/hotel-la-perelle.fr\/#website","url":"https:\/\/hotel-la-perelle.fr\/","name":"h\u00f4tel la Perelle","description":"","publisher":{"@id":"https:\/\/hotel-la-perelle.fr\/#organization"},"potentialAction":[{"@type":"SearchAction","target":{"@type":"EntryPoint","urlTemplate":"https:\/\/hotel-la-perelle.fr\/?s={search_term_string}"},"query-input":{"@type":"PropertyValueSpecification","valueRequired":true,"valueName":"search_term_string"}}],"inLanguage":"en-GB"},{"@type":"Organization","@id":"https:\/\/hotel-la-perelle.fr\/#organization","name":"h\u00f4tel la Perelle","url":"https:\/\/hotel-la-perelle.fr\/","logo":{"@type":"ImageObject","inLanguage":"en-GB","@id":"https:\/\/hotel-la-perelle.fr\/#\/schema\/logo\/image\/","url":"https:\/\/hotel-la-perelle.fr\/wp-content\/uploads\/2024\/10\/logo-la-perelle.png","contentUrl":"https:\/\/hotel-la-perelle.fr\/wp-content\/uploads\/2024\/10\/logo-la-perelle.png","width":594,"height":130,"caption":"h\u00f4tel la Perelle"},"image":{"@id":"https:\/\/hotel-la-perelle.fr\/#\/schema\/logo\/image\/"}}]}},"_links":{"self":[{"href":"https:\/\/hotel-la-perelle.fr\/en\/wp-json\/wp\/v2\/pages\/2466"}],"collection":[{"href":"https:\/\/hotel-la-perelle.fr\/en\/wp-json\/wp\/v2\/pages"}],"about":[{"href":"https:\/\/hotel-la-perelle.fr\/en\/wp-json\/wp\/v2\/types\/page"}],"author":[{"embeddable":true,"href":"https:\/\/hotel-la-perelle.fr\/en\/wp-json\/wp\/v2\/users\/1"}],"replies":[{"embeddable":true,"href":"https:\/\/hotel-la-perelle.fr\/en\/wp-json\/wp\/v2\/comments?post=2466"}],"version-history":[{"count":4,"href":"https:\/\/hotel-la-perelle.fr\/en\/wp-json\/wp\/v2\/pages\/2466\/revisions"}],"predecessor-version":[{"id":2596,"href":"https:\/\/hotel-la-perelle.fr\/en\/wp-json\/wp\/v2\/pages\/2466\/revisions\/2596"}],"wp:attachment":[{"href":"https:\/\/hotel-la-perelle.fr\/en\/wp-json\/wp\/v2\/media?parent=2466"}],"curies":[{"name":"wp","href":"https:\/\/api.w.org\/{rel}","templated":true}]}}